{"id":12063,"date":"2025-06-27T10:28:49","date_gmt":"2025-06-27T14:28:49","guid":{"rendered":"https:\/\/bkom.com\/?page_id=12063"},"modified":"2025-10-13T13:36:12","modified_gmt":"2025-10-13T17:36:12","slug":"mission","status":"publish","type":"page","link":"https:\/\/bkom.com\/fr\/mission\/","title":{"rendered":"Mission et Valeurs"},"content":{"rendered":"<h1>Ce qui forge notre identit\u00e9<\/h1>\n","protected":false},"excerpt":{"rendered":"<p>Ce qui forge notre identit\u00e9<\/p>\n","protected":false},"author":40,"featured_media":0,"parent":0,"menu_order":20,"comment_status":"closed","ping_status":"closed","template":"page-mission.php","meta":{"_acf_changed":false,"inline_featured_image":false,"footnotes":""},"class_list":["post-12063","page","type-page","status-publish","hentry"],"acf":[],"yoast_head":"<!-- This site is optimized with the Yoast SEO plugin v27.4 - https:\/\/yoast.com\/product\/yoast-seo-wordpress\/ -->\n<title>BKOM Studios | Mission &amp; Valeurs<\/title>\n<meta name=\"description\" content=\"Mission et valeurs de BKOM Studios. Level Up Together: collaboration, passion du jeu, humilit\u00e9 et courage. D\u00e9couvre ce qui fa\u00e7onne notre identit\u00e9.\" \/>\n<meta name=\"robots\" content=\"index, follow, max-snippet:-1, max-image-preview:large, max-video-preview:-1\" \/>\n<link rel=\"canonical\" href=\"https:\/\/bkom.com\/fr\/mission\/\" \/>\n<meta property=\"og:locale\" content=\"fr_CA\" \/>\n<meta property=\"og:type\" content=\"article\" \/>\n<meta property=\"og:title\" content=\"BKOM Studios | Mission &amp; Valeurs\" \/>\n<meta property=\"og:description\" content=\"Mission et valeurs de BKOM Studios. Level Up Together: collaboration, passion du jeu, humilit\u00e9 et courage. D\u00e9couvre ce qui fa\u00e7onne notre identit\u00e9.\" \/>\n<meta property=\"og:url\" content=\"https:\/\/bkom.com\/fr\/mission\/\" \/>\n<meta property=\"og:site_name\" content=\"BKOM Studios\" \/>\n<meta property=\"article:publisher\" content=\"https:\/\/www.facebook.com\/bkomstudios\/\" \/>\n<meta property=\"article:modified_time\" content=\"2025-10-13T17:36:12+00:00\" \/>\n<meta name=\"twitter:card\" content=\"summary_large_image\" \/>\n<meta name=\"twitter:site\" content=\"@BkomStudios\" \/>\n<meta name=\"twitter:label1\" content=\"Estimation du temps de lecture\" \/>\n\t<meta name=\"twitter:data1\" content=\"1 minute\" \/>\n<script type=\"application\/ld+json\" class=\"yoast-schema-graph\">{\"@context\":\"https:\\\/\\\/schema.org\",\"@graph\":[{\"@type\":\"WebPage\",\"@id\":\"https:\\\/\\\/bkom.com\\\/fr\\\/mission\\\/\",\"url\":\"https:\\\/\\\/bkom.com\\\/fr\\\/mission\\\/\",\"name\":\"BKOM Studios | Mission & Valeurs\",\"isPartOf\":{\"@id\":\"https:\\\/\\\/bkom.com\\\/#website\"},\"datePublished\":\"2025-06-27T14:28:49+00:00\",\"dateModified\":\"2025-10-13T17:36:12+00:00\",\"description\":\"Mission et valeurs de BKOM Studios. Level Up Together: collaboration, passion du jeu, humilit\u00e9 et courage. D\u00e9couvre ce qui fa\u00e7onne notre identit\u00e9.\",\"breadcrumb\":{\"@id\":\"https:\\\/\\\/bkom.com\\\/fr\\\/mission\\\/#breadcrumb\"},\"inLanguage\":\"fr-CA\",\"potentialAction\":[{\"@type\":\"ReadAction\",\"target\":[\"https:\\\/\\\/bkom.com\\\/fr\\\/mission\\\/\"]}]},{\"@type\":\"BreadcrumbList\",\"@id\":\"https:\\\/\\\/bkom.com\\\/fr\\\/mission\\\/#breadcrumb\",\"itemListElement\":[{\"@type\":\"ListItem\",\"position\":1,\"name\":\"Home\",\"item\":\"https:\\\/\\\/bkom.com\\\/fr\\\/\"},{\"@type\":\"ListItem\",\"position\":2,\"name\":\"Mission et Valeurs\"}]},{\"@type\":\"WebSite\",\"@id\":\"https:\\\/\\\/bkom.com\\\/#website\",\"url\":\"https:\\\/\\\/bkom.com\\\/\",\"name\":\"BKOM Studios\",\"description\":\"Igniting Play\",\"potentialAction\":[{\"@type\":\"SearchAction\",\"target\":{\"@type\":\"EntryPoint\",\"urlTemplate\":\"https:\\\/\\\/bkom.com\\\/?s={search_term_string}\"},\"query-input\":{\"@type\":\"PropertyValueSpecification\",\"valueRequired\":true,\"valueName\":\"search_term_string\"}}],\"inLanguage\":\"fr-CA\"}]}<\/script>\n<!-- \/ Yoast SEO plugin. -->","yoast_head_json":{"title":"BKOM Studios | Mission & Valeurs","description":"Mission et valeurs de BKOM Studios. Level Up Together: collaboration, passion du jeu, humilit\u00e9 et courage. D\u00e9couvre ce qui fa\u00e7onne notre identit\u00e9.","robots":{"index":"index","follow":"follow","max-snippet":"max-snippet:-1","max-image-preview":"max-image-preview:large","max-video-preview":"max-video-preview:-1"},"canonical":"https:\/\/bkom.com\/fr\/mission\/","og_locale":"fr_CA","og_type":"article","og_title":"BKOM Studios | Mission & Valeurs","og_description":"Mission et valeurs de BKOM Studios. Level Up Together: collaboration, passion du jeu, humilit\u00e9 et courage. D\u00e9couvre ce qui fa\u00e7onne notre identit\u00e9.","og_url":"https:\/\/bkom.com\/fr\/mission\/","og_site_name":"BKOM Studios","article_publisher":"https:\/\/www.facebook.com\/bkomstudios\/","article_modified_time":"2025-10-13T17:36:12+00:00","twitter_card":"summary_large_image","twitter_site":"@BkomStudios","twitter_misc":{"Estimation du temps de lecture":"1 minute"},"schema":{"@context":"https:\/\/schema.org","@graph":[{"@type":"WebPage","@id":"https:\/\/bkom.com\/fr\/mission\/","url":"https:\/\/bkom.com\/fr\/mission\/","name":"BKOM Studios | Mission & Valeurs","isPartOf":{"@id":"https:\/\/bkom.com\/#website"},"datePublished":"2025-06-27T14:28:49+00:00","dateModified":"2025-10-13T17:36:12+00:00","description":"Mission et valeurs de BKOM Studios. Level Up Together: collaboration, passion du jeu, humilit\u00e9 et courage. D\u00e9couvre ce qui fa\u00e7onne notre identit\u00e9.","breadcrumb":{"@id":"https:\/\/bkom.com\/fr\/mission\/#breadcrumb"},"inLanguage":"fr-CA","potentialAction":[{"@type":"ReadAction","target":["https:\/\/bkom.com\/fr\/mission\/"]}]},{"@type":"BreadcrumbList","@id":"https:\/\/bkom.com\/fr\/mission\/#breadcrumb","itemListElement":[{"@type":"ListItem","position":1,"name":"Home","item":"https:\/\/bkom.com\/fr\/"},{"@type":"ListItem","position":2,"name":"Mission et Valeurs"}]},{"@type":"WebSite","@id":"https:\/\/bkom.com\/#website","url":"https:\/\/bkom.com\/","name":"BKOM Studios","description":"Igniting Play","potentialAction":[{"@type":"SearchAction","target":{"@type":"EntryPoint","urlTemplate":"https:\/\/bkom.com\/?s={search_term_string}"},"query-input":{"@type":"PropertyValueSpecification","valueRequired":true,"valueName":"search_term_string"}}],"inLanguage":"fr-CA"}]}},"jetpack_shortlink":"https:\/\/wp.me\/Pgh9zn-38z","jetpack_sharing_enabled":true,"_links":{"self":[{"href":"https:\/\/bkom.com\/fr\/wp-json\/wp\/v2\/pages\/12063","targetHints":{"allow":["GET"]}}],"collection":[{"href":"https:\/\/bkom.com\/fr\/wp-json\/wp\/v2\/pages"}],"about":[{"href":"https:\/\/bkom.com\/fr\/wp-json\/wp\/v2\/types\/page"}],"author":[{"embeddable":true,"href":"https:\/\/bkom.com\/fr\/wp-json\/wp\/v2\/users\/40"}],"replies":[{"embeddable":true,"href":"https:\/\/bkom.com\/fr\/wp-json\/wp\/v2\/comments?post=12063"}],"version-history":[{"count":5,"href":"https:\/\/bkom.com\/fr\/wp-json\/wp\/v2\/pages\/12063\/revisions"}],"predecessor-version":[{"id":12151,"href":"https:\/\/bkom.com\/fr\/wp-json\/wp\/v2\/pages\/12063\/revisions\/12151"}],"wp:attachment":[{"href":"https:\/\/bkom.com\/fr\/wp-json\/wp\/v2\/media?parent=12063"}],"curies":[{"name":"wp","href":"https:\/\/api.w.org\/{rel}","templated":true}]}}