{"id":2271,"date":"2016-10-28T10:34:39","date_gmt":"2016-10-28T14:34:39","guid":{"rendered":"https:\/\/bkom.com\/fr\/media\/"},"modified":"2025-10-13T13:43:08","modified_gmt":"2025-10-13T17:43:08","slug":"media","status":"publish","type":"page","link":"https:\/\/bkom.com\/fr\/media\/","title":{"rendered":"M\u00e9dia"},"content":{"rendered":"<h1>Page M\u00e9dia<\/h1>\n<p>BKOM Studios est un studio \u00e0 taille humaine qui cr\u00e9e des exp\u00e9riences de jeu innovantes pour tous les types de plateformes.<\/p>\n","protected":false},"excerpt":{"rendered":"<p>Page M\u00e9dia BKOM Studios est un studio \u00e0 taille humaine qui cr\u00e9e des exp\u00e9riences de jeu innovantes pour tous les [&hellip;]<\/p>\n","protected":false},"author":13,"featured_media":0,"parent":0,"menu_order":33,"comment_status":"closed","ping_status":"closed","template":"page-medias.php","meta":{"_acf_changed":false,"inline_featured_image":false,"footnotes":""},"class_list":["post-2271","page","type-page","status-publish","hentry"],"acf":[],"yoast_head":"<!-- This site is optimized with the Yoast SEO plugin v27.3 - https:\/\/yoast.com\/product\/yoast-seo-wordpress\/ -->\n<title>Bkom Studios \u01c0 Relation avec les m\u00e9dias<\/title>\n<meta name=\"description\" content=\"Ressources m\u00e9dia de BKOM Studios. T\u00e9l\u00e9charge logos, images, vid\u00e9os et assets de presse pour Pathfinder, Sunday Gold et nos autres projets.\" \/>\n<meta name=\"robots\" content=\"index, follow, max-snippet:-1, max-image-preview:large, max-video-preview:-1\" \/>\n<link rel=\"canonical\" href=\"https:\/\/bkom.com\/fr\/media\/\" \/>\n<meta property=\"og:locale\" content=\"fr_CA\" \/>\n<meta property=\"og:type\" content=\"article\" \/>\n<meta property=\"og:title\" content=\"Bkom Studios \u01c0 Relation avec les m\u00e9dias\" \/>\n<meta property=\"og:description\" content=\"Ressources m\u00e9dia de BKOM Studios. T\u00e9l\u00e9charge logos, images, vid\u00e9os et assets de presse pour Pathfinder, Sunday Gold et nos autres projets.\" \/>\n<meta property=\"og:url\" content=\"https:\/\/bkom.com\/fr\/media\/\" \/>\n<meta property=\"og:site_name\" content=\"BKOM Studios\" \/>\n<meta property=\"article:publisher\" content=\"https:\/\/www.facebook.com\/bkomstudios\/\" \/>\n<meta property=\"article:modified_time\" content=\"2025-10-13T17:43:08+00:00\" \/>\n<meta name=\"twitter:card\" content=\"summary_large_image\" \/>\n<meta name=\"twitter:site\" content=\"@BkomStudios\" \/>\n<meta name=\"twitter:label1\" content=\"Estimation du temps de lecture\" \/>\n\t<meta name=\"twitter:data1\" content=\"1 minute\" \/>\n<script type=\"application\/ld+json\" class=\"yoast-schema-graph\">{\"@context\":\"https:\\\/\\\/schema.org\",\"@graph\":[{\"@type\":\"WebPage\",\"@id\":\"https:\\\/\\\/bkom.com\\\/fr\\\/media\\\/\",\"url\":\"https:\\\/\\\/bkom.com\\\/fr\\\/media\\\/\",\"name\":\"Bkom Studios \u01c0 Relation avec les m\u00e9dias\",\"isPartOf\":{\"@id\":\"https:\\\/\\\/bkom.com\\\/#website\"},\"datePublished\":\"2016-10-28T14:34:39+00:00\",\"dateModified\":\"2025-10-13T17:43:08+00:00\",\"description\":\"Ressources m\u00e9dia de BKOM Studios. T\u00e9l\u00e9charge logos, images, vid\u00e9os et assets de presse pour Pathfinder, Sunday Gold et nos autres projets.\",\"breadcrumb\":{\"@id\":\"https:\\\/\\\/bkom.com\\\/fr\\\/media\\\/#breadcrumb\"},\"inLanguage\":\"fr-CA\",\"potentialAction\":[{\"@type\":\"ReadAction\",\"target\":[\"https:\\\/\\\/bkom.com\\\/fr\\\/media\\\/\"]}]},{\"@type\":\"BreadcrumbList\",\"@id\":\"https:\\\/\\\/bkom.com\\\/fr\\\/media\\\/#breadcrumb\",\"itemListElement\":[{\"@type\":\"ListItem\",\"position\":1,\"name\":\"Home\",\"item\":\"https:\\\/\\\/bkom.com\\\/fr\\\/\"},{\"@type\":\"ListItem\",\"position\":2,\"name\":\"M\u00e9dia\"}]},{\"@type\":\"WebSite\",\"@id\":\"https:\\\/\\\/bkom.com\\\/#website\",\"url\":\"https:\\\/\\\/bkom.com\\\/\",\"name\":\"BKOM Studios\",\"description\":\"Igniting Play\",\"potentialAction\":[{\"@type\":\"SearchAction\",\"target\":{\"@type\":\"EntryPoint\",\"urlTemplate\":\"https:\\\/\\\/bkom.com\\\/?s={search_term_string}\"},\"query-input\":{\"@type\":\"PropertyValueSpecification\",\"valueRequired\":true,\"valueName\":\"search_term_string\"}}],\"inLanguage\":\"fr-CA\"}]}<\/script>\n<!-- \/ Yoast SEO plugin. -->","yoast_head_json":{"title":"Bkom Studios \u01c0 Relation avec les m\u00e9dias","description":"Ressources m\u00e9dia de BKOM Studios. T\u00e9l\u00e9charge logos, images, vid\u00e9os et assets de presse pour Pathfinder, Sunday Gold et nos autres projets.","robots":{"index":"index","follow":"follow","max-snippet":"max-snippet:-1","max-image-preview":"max-image-preview:large","max-video-preview":"max-video-preview:-1"},"canonical":"https:\/\/bkom.com\/fr\/media\/","og_locale":"fr_CA","og_type":"article","og_title":"Bkom Studios \u01c0 Relation avec les m\u00e9dias","og_description":"Ressources m\u00e9dia de BKOM Studios. T\u00e9l\u00e9charge logos, images, vid\u00e9os et assets de presse pour Pathfinder, Sunday Gold et nos autres projets.","og_url":"https:\/\/bkom.com\/fr\/media\/","og_site_name":"BKOM Studios","article_publisher":"https:\/\/www.facebook.com\/bkomstudios\/","article_modified_time":"2025-10-13T17:43:08+00:00","twitter_card":"summary_large_image","twitter_site":"@BkomStudios","twitter_misc":{"Estimation du temps de lecture":"1 minute"},"schema":{"@context":"https:\/\/schema.org","@graph":[{"@type":"WebPage","@id":"https:\/\/bkom.com\/fr\/media\/","url":"https:\/\/bkom.com\/fr\/media\/","name":"Bkom Studios \u01c0 Relation avec les m\u00e9dias","isPartOf":{"@id":"https:\/\/bkom.com\/#website"},"datePublished":"2016-10-28T14:34:39+00:00","dateModified":"2025-10-13T17:43:08+00:00","description":"Ressources m\u00e9dia de BKOM Studios. T\u00e9l\u00e9charge logos, images, vid\u00e9os et assets de presse pour Pathfinder, Sunday Gold et nos autres projets.","breadcrumb":{"@id":"https:\/\/bkom.com\/fr\/media\/#breadcrumb"},"inLanguage":"fr-CA","potentialAction":[{"@type":"ReadAction","target":["https:\/\/bkom.com\/fr\/media\/"]}]},{"@type":"BreadcrumbList","@id":"https:\/\/bkom.com\/fr\/media\/#breadcrumb","itemListElement":[{"@type":"ListItem","position":1,"name":"Home","item":"https:\/\/bkom.com\/fr\/"},{"@type":"ListItem","position":2,"name":"M\u00e9dia"}]},{"@type":"WebSite","@id":"https:\/\/bkom.com\/#website","url":"https:\/\/bkom.com\/","name":"BKOM Studios","description":"Igniting Play","potentialAction":[{"@type":"SearchAction","target":{"@type":"EntryPoint","urlTemplate":"https:\/\/bkom.com\/?s={search_term_string}"},"query-input":{"@type":"PropertyValueSpecification","valueRequired":true,"valueName":"search_term_string"}}],"inLanguage":"fr-CA"}]}},"jetpack_shortlink":"https:\/\/wp.me\/Pgh9zn-AD","jetpack_sharing_enabled":true,"_links":{"self":[{"href":"https:\/\/bkom.com\/fr\/wp-json\/wp\/v2\/pages\/2271","targetHints":{"allow":["GET"]}}],"collection":[{"href":"https:\/\/bkom.com\/fr\/wp-json\/wp\/v2\/pages"}],"about":[{"href":"https:\/\/bkom.com\/fr\/wp-json\/wp\/v2\/types\/page"}],"author":[{"embeddable":true,"href":"https:\/\/bkom.com\/fr\/wp-json\/wp\/v2\/users\/13"}],"replies":[{"embeddable":true,"href":"https:\/\/bkom.com\/fr\/wp-json\/wp\/v2\/comments?post=2271"}],"version-history":[{"count":5,"href":"https:\/\/bkom.com\/fr\/wp-json\/wp\/v2\/pages\/2271\/revisions"}],"predecessor-version":[{"id":11945,"href":"https:\/\/bkom.com\/fr\/wp-json\/wp\/v2\/pages\/2271\/revisions\/11945"}],"wp:attachment":[{"href":"https:\/\/bkom.com\/fr\/wp-json\/wp\/v2\/media?parent=2271"}],"curies":[{"name":"wp","href":"https:\/\/api.w.org\/{rel}","templated":true}]}}